{"id":110,"date":"2024-05-12T08:47:42","date_gmt":"2024-05-12T08:47:42","guid":{"rendered":"https:\/\/omegainvest.ee\/privacy-policy\/"},"modified":"2024-05-22T05:57:22","modified_gmt":"2024-05-22T05:57:22","slug":"privacy-policy","status":"publish","type":"page","link":"https:\/\/omegainvest.ee\/lt\/privacy-policy\/","title":{"rendered":"Privatumo politika"},"content":{"rendered":"\t\t<div data-elementor-type=\"wp-page\" data-elementor-id=\"110\" class=\"elementor elementor-110 elementor-3\">\n\t\t\t\t<div class=\"elementor-element elementor-element-5c39dca e-flex e-con-boxed e-con e-parent\" data-id=\"5c39dca\" data-element_type=\"container\" data-settings=\"{&quot;background_background&quot;:&quot;classic&quot;}\">\n\t\t\t\t\t<div class=\"e-con-inner\">\n\t\t\t\t<div class=\"elementor-element elementor-element-3558f96 elementor-widget elementor-widget-heading\" data-id=\"3558f96\" data-element_type=\"widget\" data-widget_type=\"heading.default\">\n\t\t\t\t<div class=\"elementor-widget-container\">\n\t\t\t\t\t<h2 class=\"elementor-heading-title elementor-size-default\">Privatumo politika<\/h2>\t\t\t\t<\/div>\n\t\t\t\t<\/div>\n\t\t\t\t\t<\/div>\n\t\t\t\t<\/div>\n\t\t<div class=\"elementor-element elementor-element-6ba489b e-flex e-con-boxed e-con e-parent\" data-id=\"6ba489b\" data-element_type=\"container\">\n\t\t\t\t\t<div class=\"e-con-inner\">\n\t\t<div class=\"elementor-element elementor-element-56fe275 e-con-full e-flex e-con e-child\" data-id=\"56fe275\" data-element_type=\"container\">\n\t\t\t\t<div class=\"elementor-element elementor-element-419eb9ab elementor-widget elementor-widget-text-editor\" data-id=\"419eb9ab\" data-element_type=\"widget\" data-widget_type=\"text-editor.default\">\n\t\t\t\t<div class=\"elementor-widget-container\">\n\t\t\t\t\t\t\t\t\t<table width=\"804\"><tbody><tr><td style=\"background-color: #7e8f81;\"><span style=\"color: #ffffff;\"><strong>\u012evadas<\/strong><\/span><\/td><\/tr><tr><td><span style=\"color: #333333;\">Omega Invest O\u00dc duomen\u0173 tvarkym\u0105 reglamentuoja ES bendroji duomen\u0173 apsaugos reglamentas ir taikomi atitinkami teis\u0117s aktai. \u0160iuose asmens duomen\u0173 tvarkymo principuose (toliau: privatumo nuostatos) paai\u0161kinama, kaip mes, Omega Invest O\u00dc, tvarkome J\u016bs\u0173 asmens duomenis. Privatumo nuostatos suteikia informacij\u0105 apie tai, kaip mes renkame J\u016bs\u0173 asmens duomenis, kokius tikslus ir pagrindus naudojame juos tvarkyti ir k\u0105 perduodame. Taip pat su\u017einosite, kaip mes saugome J\u016bs\u0173 asmens duomenis ir kokie yra J\u016bs\u0173 kaip duomen\u0173 subjekto teis\u0117s susijusios su J\u016bs\u0173 asmens duomenimis.<\/span><\/td><\/tr><tr style=\"background-color: #7e8f81;\"><td><span style=\"color: #ffffff;\"><strong>Pagal koki\u0173 pagrind\u0173 mes tvarkome J\u016bs\u0173 asmens duomenis?<\/strong><\/span><\/td><\/tr><tr><td><span style=\"color: #333333;\">Asmens duomenis tvarkome tik teis\u0117tais pagrindais ir siekdami Omega Invest O\u00dc teis\u0117t\u0173 ir bendr\u0173 interes\u0173. Asmens duomen\u0173 tvarkymo teisinis pagrindas paprastai yra \u012fsigyti skolinimosi reikalavimai, t. y. pirmiausia sutartys, kurias sudar\u0117te su pradiniais kreditoriais. Bendr\u0173 interes\u0173 atveju profesionalus neapmok\u0117t\u0173 s\u0105skait\u0173 surinkimas leid\u017eia kredito institucijoms veikti, ma\u017einant skol\u0173 suteikimo sutrikimus ir kredito nuostolius. Efektyvios skolinimosi paslaugos u\u017etikrina lygias paskol\u0173 gavimo galimybes ir protingus paskol\u0173 i\u0161laid\u0173 lyg\u012f vartotojams ir \u012fmon\u0117ms. Teis\u0117t\u0173 pareig\u0173 vykdymo atveju mes tvarkome asmens duomenis, pvz., asmens identifikavimui, pinig\u0173 plovimo prevencijai, vald\u017eios institucij\u0173 u\u017eklaus\u0173 atsakymams ir buhalterijoje. Mes taip pat tvarkome asmens duomenis pagr\u012fstais interesais, susijusiais su verslo veikla, t. y. skolinimosi paslaug\u0173 teikimu ir pl\u0117tra. Asmens duomen\u0173 tvarkymo pagrindu gali b\u016bti ir duomen\u0173 subjekto iniciatyva (pvz., parai\u0161ka, pra\u0161ymas, skundas) arba kita m\u016bs\u0173 link\u0119s kreiptis. J\u016bs\u0173 asmens duomenys yra b\u016btini mums privatumo nuostatose nurodytiems tikslams \u012fgyvendinti ir mes juos tvarkome tik tikslu, kuriam pradiniai duomenys buvo pirmiau surinkti.<\/span><\/td><\/tr><tr style=\"background-color: #7e8f81;\"><td><span style=\"color: #ffffff;\"><strong>I\u0161 kur mes gauname J\u016bs\u0173 asmens duomenis?<\/strong><\/span><\/td><\/tr><tr><td><p><span style=\"color: #333333;\">Tvarkydami asmens duomenis, daugiausiai naudojam\u0117s informacija, gauta i\u0161 pradini\u0173 skolinink\u0173 (pagrindiniai dokumentai ir su jais susij\u0119 asmenys bei kontaktiniai duomenys). Asmens duomenis taip pat gauname i\u0161 vie\u0161\u0173 \u0161altini\u0173 (pvz., oficial\u016bs prane\u0161imai, Verslo Registr\u0173 informacin\u0117 sistema ir kt.), gyventoj\u0173 registro, Kredito informacijos, Nekilnojamojo turto knygos ir kit\u0173 vie\u0161ai prieinam\u0173 \u0161altini\u0173. Taip pat informacij\u0105 gav\u0119 pagal bylos stadij\u0105 bendradarbiaujame su, pvz., bankroto administratoriumi, notaru, teismu, teismo vykdytoju, policija ir kt. Da\u017enai J\u016bs<\/span><\/p><p>patys esate asmens duomen\u0173 \u0161altinis, teikiant mums reikaling\u0105 informacij\u0105 apie save. Mes galime papildomai pra\u0161yti papildomos informacijos i\u0161 J\u016bs\u0173, ta\u010diau J\u016bs neturite privalomo teikti jos. Nepateikus duomen\u0173 tai gali tur\u0117ti neigiam\u0173 padarini\u0173 Jums, pvz., paskolos gr\u0105\u017einimo \u012frodymo ar J\u016bs\u0173 skundo pagr\u012fstumo \u012fvertinimo po\u017ei\u016briu.<\/p><\/td><\/tr><tr style=\"background-color: #7e8f81;\"><td><span style=\"color: #ffffff;\"><strong>Kaip ir kokiu tikslu mes tvarkome J\u016bs\u0173 asmens duomenis?<\/strong><\/span><\/td><\/tr><tr><td><span style=\"color: #333333;\">Mes tvarkome J\u016bs\u0173 asmens duomenis konkre\u010diais tikslais ir atitinkamai su ES bendrojo duomen\u0173 apsaugos reglamentu ir galiojan\u010diais teis\u0117s aktais. Asmens duomenis tvarkome pirmiausia siekdami \u012fvykdyti sutartis, kuriose pagrindin\u0117 veikla yra skol\u0173 susigr\u0105\u017einimo proced\u016bra tiek u\u017e teismo rib\u0173, tiek teismo keliu. Anks\u010diau min\u0117t\u0105 proced\u016br\u0105 gali apimti, pvz., baud\u017eiamoji, vykdymo, bankroto, paveld\u0117jimo procesas ir kt. Atitinkamai tvarkome asmens duomenis ir siekdami padaryti u\u017eklausas, pvz., teismo vykdytojams, notarams, policijai ir kt. Proceso metu atliekame atitinkamas u\u017eklausas atitinkamuose registruose. \u012evedame J\u016bs\u0173 asmens duomenis \u012f m\u016bs\u0173 informacin\u0119 sistem\u0105. Mes tvarkome J\u016bs\u0173 asmens duomenis siekdami kompromiso pasiekti, mok\u0117jimo tvarkara\u0161\u010di\u0173 sudarymui ir sutar\u010di\u0173 vykdymui. J\u016bs\u0173 asmens duomenis taip pat naudojame siekdami \u012fvykdyti d\u0117l buvusi\u0173 kontakt\u0173 \u012frodym\u0105 ir Omega Invest O\u00dc teis\u0117t\u0173 interes\u0173 apsaug\u0105 (\u012fskaitant teisinius reikalavimus).<\/span><\/td><\/tr><tr style=\"background-color: #7e8f81;\"><td><span style=\"color: #ffffff;\"><strong>Kokius asmens duomenis mes daugiausiai tvarkome?<\/strong><\/span><\/td><\/tr><tr><td><table style=\"height: 272px;\" width=\"797\"><tbody><tr><td><ul><li><span style=\"color: #333333;\">Asmens identifikavimo duomenys (pvz., vardas, asmens kodas)<\/span><\/li><\/ul><\/td><td><ul><li><span style=\"color: #333333;\">Proced\u016bros veiksmai (pvz., reikalavimo siuntimas, ra\u0161ti\u0161kas susira\u0161in\u0117jimas, SMS, telefono skambu\u010di\u0173 santrauka)<\/span><\/li><\/ul><\/td><td><ul><li><span style=\"color: #333333;\">Banko duomenys ir kiti duomenys atliekant mok\u0117jimus<\/span><\/li><\/ul><\/td><\/tr><tr><td><ul><li><span style=\"color: #333333;\">Kontaktiniai duomenys (pvz., adresas, telefono numeris)<\/span><\/li><\/ul><\/td><td><ul><li><span style=\"color: #333333;\">Sudarytos sutartys (\u012fskaitant mok\u0117jimo grafikus, notari\u0161kas sutartis)<\/span><\/li><\/ul><\/td><td><ul><li><span style=\"color: #333333;\">Interesus saugantys duomenys<\/span><\/li><\/ul><\/td><\/tr><tr><td><ul><li><span style=\"color: #333333;\">\u012egalioto atstovo duomenys<\/span><\/li><\/ul><\/td><td><ul><li><span style=\"color: #333333;\">Proced\u016bros etapas (pvz., vykdymo procesas, bankrotas)<\/span><\/li><\/ul><\/td><td><span style=\"color: #333333;\">\u00a0<\/span><\/td><\/tr><tr><td><ul><li><span style=\"color: #333333;\">Skolos duomenys (pvz., paskolos)<\/span><\/li><\/ul><\/td><td><ul><li><span style=\"color: #333333;\">Informacija apie mok\u0117jimo elges\u012f<\/span><\/li><\/ul><\/td><td>\u00a0<\/td><\/tr><tr><td><ul><li><span style=\"color: #333333;\">Dokument\u0173 duomenys (pvz., ID kortel\u0117s kopija)<\/span><\/li><\/ul><\/td><td><ul><li><span style=\"color: #333333;\">Informacija apie turt\u0105 ir \u012fsipareigojimus (pvz., kiti \u012fsipareigojimai, nekilnojamojo turto, \u012fmon\u0117s akcijos)<\/span><\/li><\/ul><\/td><td>\u00a0<\/td><\/tr><\/tbody><\/table><\/td><\/tr><tr style=\"background-color: #7e8f81;\"><td><span style=\"color: #ffffff;\"><strong>Kam mes turime teis\u0119 perduoti J\u016bs\u0173 asmens duomenis?<\/strong><\/span><\/td><\/tr><tr><td><span style=\"color: #333333;\">Susijusios skolos susigr\u0105\u017einimo proced\u016bra ar i\u0161 \u012fstatymo kylan\u010di\u0173 pareig\u0173 vykdymo at\u017evilgiu galime perduoti J\u016bs\u0173 asmens duomenis susijusioms asmenims ar institucijoms. Prie\u0161 perduodant asmens duomenis tre\u010diajai \u0161aliai, \u012fsitikiname, kad asmeniui, kuriam duomenys yra perduodami, yra teisinis pagrindas gauti duomenis.<\/span><br \/><span style=\"color: #333333;\"> Asmenys ar \u012fmon\u0117s, kurioms Omega Invest O\u00dc gali perduoti J\u016bs\u0173 asmens duomenis, yra tarp kit\u0173:<\/span><\/td><\/tr><tr><td><table style=\"height: 554px;\" width=\"800\"><tbody><tr><td><ul><li><span style=\"color: #333333;\">Jums kaip klientui ar vartotojui<\/span><\/li><\/ul><\/td><td><ul><li><span style=\"color: #333333;\">Notaras<\/span><\/li><\/ul><\/td><td><ul><li><span style=\"color: #333333;\">Gyventoj\u0173 registras<\/span><\/li><\/ul><\/td><td><ul><li><span style=\"color: #333333;\">Vartotoj\u0173 teisi\u0173 apsaugos tarnyba<\/span><\/li><\/ul><\/td><\/tr><tr><td><ul><li><span style=\"color: #333333;\">Duomen\u0173 apsaugos inspekcija<\/span><\/li><\/ul><\/td><td><ul><li><span style=\"color: #333333;\">Policija, prokurat\u016bra<\/span><\/li><\/ul><\/td><td><ul><li><span style=\"color: #333333;\">Vykdymo pareig\u016bnas<\/span><\/li><\/ul><\/td><td><ul><li><span style=\"color: #333333;\">Bankroto administratorius<\/span><\/li><\/ul><\/td><\/tr><tr><td><ul><li><span style=\"color: #333333;\">J\u016bs\u0173 arba kliento \u012fgaliotas atstovas<\/span><\/li><\/ul><\/td><td><ul><li><span style=\"color: #333333;\">Subrangovai (pvz., mok\u0117jim\u0173, ry\u0161i\u0173, teisin\u0117s pagalbos ir\/ar IT paslaug\u0173 teik\u0117jas) skol\u0173 susigr\u0105\u017einimo paslaug\u0173 teikimo procese<\/span><\/li><\/ul><\/td><td><ul><li><span style=\"color: #333333;\">Omega Invest UAB \u012fgaliotas atstovas<\/span><\/li><\/ul><\/td><td><ul><li><span style=\"color: #333333;\">Garantas ar u\u017estatas<\/span><\/li><\/ul><\/td><\/tr><tr><td><ul><li><span style=\"color: #333333;\">Auditorius<\/span><\/li><\/ul><\/td><td><ul><li><span style=\"color: #333333;\">Kredito-finans\u0173 institucijos<\/span><\/li><\/ul><\/td><td><ul><li><span style=\"color: #333333;\">Verslo registras<\/span><\/li><\/ul><\/td><td><ul><li><span style=\"color: #333333;\">Vertybini\u0173 popieri\u0173 registras<\/span><\/li><\/ul><\/td><\/tr><tr><td><ul><li><span style=\"color: #333333;\">Kredito registras<\/span><\/li><\/ul><\/td><td><ul><li><span style=\"color: #333333;\">Garantas<\/span><\/li><\/ul><\/td><td><ul><li><span style=\"color: #333333;\">Teismas<\/span><\/li><\/ul><\/td><td><ul><li><span style=\"color: #333333;\"><span style=\"color: #333333;\">Nek<\/span><\/span><p>ilnojamojo turto registras<\/p><p>\u00a0<\/p><p>\u00a0<\/p><\/li><\/ul><\/td><\/tr><\/tbody><\/table><\/td><\/tr><tr style=\"background-color: #7e8f81;\"><td><span style=\"color: #ffffff;\"><strong>Kaip mes saugome J\u016bs\u0173 asmens duomenis?<\/strong><\/span><\/td><\/tr><tr><td><span style=\"color: #333333;\">Mes gerbiame J\u016bs\u0173 asmens duomen\u0173 konfidencialum\u0105 ir u\u017etikriname j\u0173 saugum\u0105. Tod\u0117l nustatome saugumo priemones, kad apsaugotume J\u016bs\u0173 asmens duomenis nuo neteis\u0117to ar netinkamo naudojimo ir nuo neteis\u0117to prieigos prie j\u0173. Mes taip pat \u012fsipareigojame u\u017etikrinti, kad tre\u010diosios \u0161alys, kurioms perduodame J\u016bs\u0173 asmens duomenis, laikyt\u0173si vis\u0173 duomen\u0173 apsaugos reikalavim\u0173, kuriuos taikome mes. Tik tie Omega Invest O\u00dc darbuotojai ir partneriai, kurie tiesiogiai dalyvauja asmens duomen\u0173 tvarkymo procese, gali pasiekti J\u016bs\u0173 asmens duomenis. Jie turi teis\u0119 tvarkyti J\u016bs\u0173 asmens duomenis tik m\u016bs\u0173 nurodymais ir tik tiek, kiek reikia atlikti darb\u0105.<\/span><\/td><\/tr><tr style=\"background-color: #7e8f81;\"><td><span style=\"color: #ffffff;\"><strong>Kiek laiko mes saugome J\u016bs\u0173 asmens duomenis?<\/strong><\/span><\/td><\/tr><tr><td><span style=\"color: #333333;\">Mes laikome J\u016bs\u0173 asmens duomenis tik tiek laiko, kiek tai b\u016btina siekiant \u012fvykdyti tuos tikslus, d\u0117l kuri\u0173 buvo surinkti, ir laikytis teis\u0117s akt\u0173 nustatyt\u0173 termin\u0173. Po asmens duomen\u0173 tvarkymo tiksl\u0173 pasiektos, mes J\u016bs\u0173 asmens duomenis naikiname, i\u0161skyrus atvejus, kai turime teisin\u012f pagrind\u0105 juos i\u0161laikyti ilgesniam laikotarpiui (pvz., kai tai b\u016btina siekiant vykdyti teisinius reikalavimus, arba kai mes turime kitoki\u0105 teis\u0117t\u0105 prie\u017east\u012f, pavyzd\u017eiui, kai u\u017eregistruota baud\u017eiamoji byla).<\/span><\/td><\/tr><tr style=\"background-color: #7e8f81;\"><td><span style=\"color: #ffffff;\"><strong>Kokios yra J\u016bs\u0173 teis\u0117s susijusios su J\u016bs\u0173 asmens duomenimis?<\/strong><\/span><\/td><\/tr><tr><td><span style=\"color: #333333;\">J\u016bs turite teis\u0119 \u012f informacij\u0105 apie tai, kaip mes tvarkome J\u016bs\u0173 asmens duomenis. Tai rei\u0161kia, kad J\u016bs turite teis\u0119 \u017einoti, kokius asmens duomenis mes tvarkome, i\u0161 kur jie buvo surinkti, ir kokiu tikslu mes juos tvarkome. Taip pat J\u016bs turite teis\u0119 reikalauti, kad neteisingi ar neatnaujinti asmens duomenys b\u016bt\u0173 i\u0161taisyti arba u\u017ebaigti. Mes Jums suteikiame galimyb\u0119 reikalauti asmens duomen\u0173 trinimo, kai jie neb\u0117ra reikalingi arba yra tvarkomi neteis\u0117tai. Taip pat J\u016bs turite teis\u0119 prie\u0161tarauti asmens duomen\u0173 tvarkymui, kai jie tvarkomi bendraisiais interesais arba tiesiogiai r\u0117m\u0117s suvokiamais motyvais. Mes atsi\u017evelgsime \u012f J\u016bs\u0173 prie\u0161taravim\u0105 ir nutrauksime J\u016bs\u0173 asmens duomen\u0173 tvarkym\u0105, nebent mes galime pateikti prie\u017eastingumo pagrind\u0105, kuris u\u017etikrina m\u016bs\u0173 teises ar gynyb\u0105.<\/span><\/td><\/tr><tr style=\"background-color: #7e8f81;\"><td><span style=\"color: #ffffff;\"><strong>Kaip susisiekti su mumis?<\/strong><\/span><\/td><\/tr><tr><td><span style=\"color: #333333;\">Jei turite klausim\u0173 ar norite gauti daugiau informacijos apie tai, kaip mes tvarkome J\u016bs\u0173 asmens duomenis, arba norite pasinaudoti savo teis\u0117mis, susijusiomis su asmens duomen\u0173 tvarkymu, susisiekite su mumis elektroniniu pa\u0161tu, pateikdami \u0161iuos kontaktinius duomenis:<\/span><\/td><\/tr><tr><td><span style=\"color: #333333;\">OMEGA INVEST O\u00dc, adresas: Mustam\u00e4e tee 16, 10617 Talinas, registracijos kodas: 10866568, telefonas: +370 6056 3007, el. pa\u0161tas:\u00a0<\/span><a href=\"mailto:mail@omegainvest.lt\" target=\"_blank\" rel=\"noopener\">mail@omegainvest.lt<\/a><span style=\"color: #333333;\">.<\/span><span style=\"color: #333333;\"><br \/><\/span><\/td><\/tr><\/tbody><\/table>\t\t\t\t\t\t\t\t<\/div>\n\t\t\t\t<\/div>\n\t\t\t\t<\/div>\n\t\t<div class=\"elementor-element elementor-element-cf4bb9c e-con-full e-flex e-con e-child\" data-id=\"cf4bb9c\" data-element_type=\"container\">\n\t\t\t\t<\/div>\n\t\t\t\t\t<\/div>\n\t\t\t\t<\/div>\n\t\t\t\t<\/div>\n\t\t","protected":false},"excerpt":{"rendered":"<p>Privatumo politika \u012evadas Omega Invest O\u00dc duomen\u0173 tvarkym\u0105 reglamentuoja ES bendroji duomen\u0173 apsaugos reglamentas ir taikomi atitinkami teis\u0117s aktai. \u0160iuose asmens duomen\u0173 tvarkymo principuose (toliau: privatumo nuostatos) paai\u0161kinama, kaip mes, Omega Invest O\u00dc, tvarkome J\u016bs\u0173 asmens duomenis. Privatumo nuostatos suteikia informacij\u0105 apie tai, kaip mes renkame J\u016bs\u0173 asmens duomenis, kokius tikslus ir pagrindus naudojame juos [&hellip;]<\/p>\n","protected":false},"author":1,"featured_media":0,"parent":0,"menu_order":0,"comment_status":"closed","ping_status":"open","template":"","meta":{"footnotes":""},"class_list":["post-110","page","type-page","status-publish","hentry"],"_links":{"self":[{"href":"https:\/\/omegainvest.ee\/lt\/wp-json\/wp\/v2\/pages\/110","targetHints":{"allow":["GET"]}}],"collection":[{"href":"https:\/\/omegainvest.ee\/lt\/wp-json\/wp\/v2\/pages"}],"about":[{"href":"https:\/\/omegainvest.ee\/lt\/wp-json\/wp\/v2\/types\/page"}],"author":[{"embeddable":true,"href":"https:\/\/omegainvest.ee\/lt\/wp-json\/wp\/v2\/users\/1"}],"replies":[{"embeddable":true,"href":"https:\/\/omegainvest.ee\/lt\/wp-json\/wp\/v2\/comments?post=110"}],"version-history":[{"count":30,"href":"https:\/\/omegainvest.ee\/lt\/wp-json\/wp\/v2\/pages\/110\/revisions"}],"predecessor-version":[{"id":249,"href":"https:\/\/omegainvest.ee\/lt\/wp-json\/wp\/v2\/pages\/110\/revisions\/249"}],"wp:attachment":[{"href":"https:\/\/omegainvest.ee\/lt\/wp-json\/wp\/v2\/media?parent=110"}],"curies":[{"name":"wp","href":"https:\/\/api.w.org\/{rel}","templated":true}]}}